{"id":16,"date":"2025-10-11T02:48:33","date_gmt":"2025-10-11T02:48:33","guid":{"rendered":"https:\/\/acopio.laloleveson.art\/?page_id=16"},"modified":"2025-10-20T13:06:58","modified_gmt":"2025-10-20T19:06:58","slug":"tu-casa-en-un-centro-de-acopio","status":"publish","type":"page","link":"https:\/\/acopio.laloleveson.art\/","title":{"rendered":"Tu Casa en un Centro de Acopio"},"content":{"rendered":"<div id='layer_slider_1'  class='avia-layerslider main_color avia-shadow  avia-builder-el-0  el_before_av_image  avia-builder-el-first  container_wrap sidebar_right'  style='height: 721px; max-width: 1280px; margin: 0 auto;'  ><\/div><div id='after_layer_slider_1'  class='main_color av_default_container_wrap container_wrap sidebar_right'  ><div class='container av-section-cont-open' ><div class='template-page content  av-content-small alpha units'><div class='post-entry post-entry-type-page post-entry-16'><div class='entry-content-wrapper clearfix'>\n\n<style type=\"text\/css\" data-created_by=\"avia_inline_auto\" id=\"style-css-av-mgoiltdx-4e6565d42527c0e9bf98cedfddc0358d\">\n.avia-image-container.av-mgoiltdx-4e6565d42527c0e9bf98cedfddc0358d img.avia_image{\nbox-shadow:none;\n}\n.avia-image-container.av-mgoiltdx-4e6565d42527c0e9bf98cedfddc0358d .av-image-caption-overlay-center{\ncolor:#ffffff;\n}\n<\/style>\n<div  class='avia-image-container av-mgoiltdx-4e6565d42527c0e9bf98cedfddc0358d av-styling- avia-align-center  avia-builder-el-1  el_after_av_layerslider  el_before_av_hr  avia-builder-el-first '   itemprop=\"image\" itemscope=\"itemscope\" itemtype=\"https:\/\/schema.org\/ImageObject\" ><div class=\"avia-image-container-inner\"><div class=\"avia-image-overlay-wrap\"><img decoding=\"async\" fetchpriority=\"high\" class='wp-image-40 avia-img-lazy-loading-not-40 avia_image ' src=\"https:\/\/acopio.laloleveson.art\/wp-content\/uploads\/2025\/10\/CADENA-LOGO-copy1.png\" alt='' title='CADENA LOGO copy1'  height=\"468\" width=\"864\"  itemprop=\"thumbnailUrl\" srcset=\"https:\/\/acopio.laloleveson.art\/wp-content\/uploads\/2025\/10\/CADENA-LOGO-copy1.png 864w, https:\/\/acopio.laloleveson.art\/wp-content\/uploads\/2025\/10\/CADENA-LOGO-copy1-300x163.png 300w, https:\/\/acopio.laloleveson.art\/wp-content\/uploads\/2025\/10\/CADENA-LOGO-copy1-768x416.png 768w, https:\/\/acopio.laloleveson.art\/wp-content\/uploads\/2025\/10\/CADENA-LOGO-copy1-705x382.png 705w\" sizes=\"(max-width: 864px) 100vw, 864px\" \/><\/div><\/div><\/div>\n<div  class='hr av-zxrg-ea789129a5f2991d8051403d9e8ebcd4 hr-default  avia-builder-el-2  el_after_av_image  el_before_av_textblock '><span class='hr-inner '><span class=\"hr-inner-style\"><\/span><\/span><\/div>\n<section  class='av_textblock_section av-mgogso9h-8dedf191cbdb5965e5ff085a968c97ab '   itemscope=\"itemscope\" itemtype=\"https:\/\/schema.org\/CreativeWork\" ><div class='avia_textblock'  itemprop=\"text\" ><h3 style=\"text-align: center;\">Convierte tu casa en un centro de acopio<\/h3>\n<\/div><\/section>\n<section  class='av_textblock_section av-mgogt62j-e381fff8f33f1f6beb8f7ec22eebefe2 '   itemscope=\"itemscope\" itemtype=\"https:\/\/schema.org\/CreativeWork\" ><div class='avia_textblock'  itemprop=\"text\" ><h5 style=\"text-align: center;\">De tu colonia a las zonas que m\u00e1s lo necesitan<\/h5>\n<\/div><\/section>\n<\/div><\/div><\/div><!-- close content main div --><\/div><\/div><div id='av_section_1'  class='avia-section av-15j2o-e04f8b94e55d461c508460351e7c89a7 main_color avia-section-default avia-no-border-styling  avia-builder-el-5  el_after_av_textblock  el_before_av_section  avia-bg-style-scroll container_wrap sidebar_right'  ><div class='container av-section-cont-open' ><div class='template-page content  av-content-small alpha units'><div class='post-entry post-entry-type-page post-entry-16'><div class='entry-content-wrapper clearfix'>\n<section  class='av_textblock_section av-mgogtpos-7381ec523cf02af363e43c87c1dcb3bd '   itemscope=\"itemscope\" itemtype=\"https:\/\/schema.org\/CreativeWork\" ><div class='avia_textblock'  itemprop=\"text\" ><h3 style=\"text-align: center;\">\u00bfQu\u00e9 es esto?<\/h3>\n<\/div><\/section>\n\n<\/div><\/div><\/div><!-- close content main div --><\/div><\/div><div id='av_section_2'  class='avia-section av-13j8k-af7f439217630b55a8f75cc9454b57ee main_color avia-section-default avia-no-border-styling  avia-builder-el-7  el_after_av_section  el_before_av_textblock  avia-bg-style-scroll container_wrap sidebar_right'  ><div class='container av-section-cont-open' ><div class='template-page content  av-content-small alpha units'><div class='post-entry post-entry-type-page post-entry-16'><div class='entry-content-wrapper clearfix'>\n<section  class='av_textblock_section av-mgoguvlo-30050db970836186bc2e60fe2f019783 '   itemscope=\"itemscope\" itemtype=\"https:\/\/schema.org\/CreativeWork\" ><div class='avia_textblock'  itemprop=\"text\" ><p>Un movimiento ciudadano para ayudar de manera directa.<br \/>\nRegistrando tu casa como centro de acopio, conviertes tu hogar en un punto donde vecinos pueden donar ropa y alimentos. Nosotros coordinamos la recolecci\u00f3n y llevamos lo recaudado a las comunidades que m\u00e1s lo necesitan.<\/p>\n<p>\ud83d\ude80 <strong>\u00bfC\u00f3mo funciona?<\/strong><\/p>\n<div>1.\u2060 \u2060Registra tu casa<\/div>\n<div>Llena un formulario con tus datos b\u00e1sicos y direcci\u00f3n.<\/div>\n<div>2.\u2060 \u2060Empieza a recibir donaciones<\/div>\n<div>Tus vecinos sabr\u00e1n que en tu hogar se pueden entregar ropa y alimentos.<\/div>\n<div><\/div>\n<div>3.\u2060 \u2060Nosotros nos encargamos del resto<\/div>\n<div><\/div>\n<div>Recolectamos lo recibido y lo trasladamos directamente a las zonas afectadas.<\/div>\n<div><\/div>\n<div><\/div>\n<p>\ud83c\udfaf <strong>\u00bfQu\u00e9 puedes recibir en tu casa?<\/strong><\/p>\n<div>\u2022\ud83d\udc55 Ropa limpia y en buen estado<\/div>\n<div>\u2022\ud83e\udd6b Alimentos no perecederos (enlatados, granos, agua embotellada, etc.)<\/div>\n<div>(Pr\u00f3ximamente se podr\u00e1n pedir insumos espec\u00edficos seg\u00fan la necesidad de cada emergencia).<\/div>\n<div><\/div>\n<div><\/div>\n<p>\u2764\ufe0f <strong>\u00bfQui\u00e9n est\u00e1 detr\u00e1s?<\/strong><\/p>\n<div>Somos ciudadanos organizados, trabajando en red con la sociedad civil.<\/div>\n<div>Nuestra misi\u00f3n es simple: conectar la solidaridad de las colonias con quienes m\u00e1s lo necesitan, de manera transparente y directa.<\/div>\n<div><\/div>\n<div><\/div>\n<p>\ud83d\udd12 <strong>Tu informaci\u00f3n est\u00e1 segura<\/strong><\/p>\n<div>Tus datos se usar\u00e1n \u00fanicamente para coordinar la log\u00edstica.<\/div>\n<div>No se har\u00e1n p\u00fablicos ni se compartir\u00e1n con terceros.<\/div>\n<\/div><\/section>\n<div  class='avia-button-wrap av-mgoh6adl-6cd89bb757336f5cb2c0f6a1334d7662-wrap avia-button-center  avia-builder-el-9  el_after_av_textblock  avia-builder-el-last '><a href='#registro'  class='avia-button av-mgoh6adl-6cd89bb757336f5cb2c0f6a1334d7662 av-link-btn avia-icon_select-yes-left-icon avia-size-x-large avia-position-center avia-color-pink'   aria-label=\"REGISTRA TU CASA\"><span class='avia_button_icon avia_button_icon_left avia-svg-icon avia-font-svg_entypo-fontello' data-av_svg_icon='home' data-av_iconset='svg_entypo-fontello'><svg version=\"1.1\" xmlns=\"http:\/\/www.w3.org\/2000\/svg\" width=\"29\" height=\"32\" viewBox=\"0 0 29 32\" preserveAspectRatio=\"xMidYMid meet\" aria-labelledby='av-svg-title-1' aria-describedby='av-svg-desc-1' role=\"graphics-symbol\">\n<title id='av-svg-title-1'>Home<\/title>\n<desc id='av-svg-desc-1'>Home<\/desc>\n<path d=\"M28.416 16.448q0.512 0.512 0.352 0.864t-0.864 0.352h-2.688v9.92q0 0.448-0.032 0.672t-0.256 0.416-0.736 0.192h-6.528v-9.92h-6.528v9.92h-6.208q-0.896 0-1.12-0.32t-0.224-0.96v-9.92h-2.688q-0.704 0-0.864-0.352t0.352-0.864l12.8-12.864q0.512-0.512 1.216-0.512t1.216 0.512z\"><\/path>\n<\/svg><\/span><span class='avia_iconbox_title' >REGISTRA TU CASA<\/span><\/a><\/div>\n<\/div><\/div><\/div><!-- close content main div --><\/div><\/div><div id='after_section_2'  class='main_color av_default_container_wrap container_wrap sidebar_right'  ><div class='container av-section-cont-open' ><div class='template-page content  av-content-small alpha units'><div class='post-entry post-entry-type-page post-entry-16'><div class='entry-content-wrapper clearfix'>\n<section  id=\"registro\"  class='av_textblock_section av-mgm56yz9-a002cce9bf2bf4d34d582cf4509ccbe7 '   itemscope=\"itemscope\" itemtype=\"https:\/\/schema.org\/CreativeWork\" ><div class='avia_textblock'  itemprop=\"text\" ><h2 style=\"text-align: center;\">Registra tu Casa como centro de Acopio<\/h2>\n<\/div><\/section>\n<\/div><\/div><\/div><!-- close content main div --><\/div><\/div><div id='av_section_3'  class='avia-section av-rwkc-132fb6fdaa4375a61b722d5259ae72c5 main_color avia-section-default avia-no-border-styling  avia-builder-el-11  el_after_av_textblock  el_before_av_section  avia-bg-style-scroll container_wrap sidebar_right'  ><div class='container av-section-cont-open' ><div class='template-page content  av-content-small alpha units'><div class='post-entry post-entry-type-page post-entry-16'><div class='entry-content-wrapper clearfix'>\n<section  class='av_textblock_section av-mgqysbd1-8529b97f41e253f5756bfc67844ad7b0 '   itemscope=\"itemscope\" itemtype=\"https:\/\/schema.org\/CreativeWork\" ><div class='avia_textblock'  itemprop=\"text\" ><h3 style=\"text-align: center;\">Casas Registradas<\/h3>\n<\/div><\/section>\n<section  class='av_textblock_section av-mgqyw6ng-06f7dd6381f0628d9fe42ded836cd7eb '   itemscope=\"itemscope\" itemtype=\"https:\/\/schema.org\/CreativeWork\" ><div class='avia_textblock'  itemprop=\"text\" ><div class=\"wpforms-entry-field-item field entry-field-item wpforms-field-text wpforms-field-entry-text wpforms-field-entry-fields\">\n<div class=\"wpforms-entry-field-value\">BOLSTER LAB<\/div>\n<\/div>\n<p>Calle Tepozteco 35<br \/>\nCDM, Narvarte Oriente<br \/>\nC.P. 03023<br \/>\n<img loading=\"lazy\" decoding=\"async\" class=\"alignnone wp-image-52 size-full\" src=\"https:\/\/acopio.laloleveson.art\/wp-content\/uploads\/2025\/10\/Screenshot-2025-10-14-at-1.40.20-p.m.png\" alt=\"\" width=\"870\" height=\"496\" srcset=\"https:\/\/acopio.laloleveson.art\/wp-content\/uploads\/2025\/10\/Screenshot-2025-10-14-at-1.40.20-p.m.png 870w, https:\/\/acopio.laloleveson.art\/wp-content\/uploads\/2025\/10\/Screenshot-2025-10-14-at-1.40.20-p.m-300x171.png 300w, https:\/\/acopio.laloleveson.art\/wp-content\/uploads\/2025\/10\/Screenshot-2025-10-14-at-1.40.20-p.m-768x438.png 768w, https:\/\/acopio.laloleveson.art\/wp-content\/uploads\/2025\/10\/Screenshot-2025-10-14-at-1.40.20-p.m-705x402.png 705w\" sizes=\"auto, (max-width: 870px) 100vw, 870px\" \/><\/p>\n<p><img loading=\"lazy\" decoding=\"async\" class=\"alignnone wp-image-53 size-full\" src=\"https:\/\/acopio.laloleveson.art\/wp-content\/uploads\/2025\/10\/Screenshot-2025-10-14-at-1.40.52-p.m.png\" alt=\"\" width=\"996\" height=\"714\" srcset=\"https:\/\/acopio.laloleveson.art\/wp-content\/uploads\/2025\/10\/Screenshot-2025-10-14-at-1.40.52-p.m.png 996w, https:\/\/acopio.laloleveson.art\/wp-content\/uploads\/2025\/10\/Screenshot-2025-10-14-at-1.40.52-p.m-300x215.png 300w, https:\/\/acopio.laloleveson.art\/wp-content\/uploads\/2025\/10\/Screenshot-2025-10-14-at-1.40.52-p.m-768x551.png 768w, https:\/\/acopio.laloleveson.art\/wp-content\/uploads\/2025\/10\/Screenshot-2025-10-14-at-1.40.52-p.m-260x185.png 260w, https:\/\/acopio.laloleveson.art\/wp-content\/uploads\/2025\/10\/Screenshot-2025-10-14-at-1.40.52-p.m-705x505.png 705w\" sizes=\"auto, (max-width: 996px) 100vw, 996px\" \/><\/p>\n<\/div><\/section>\n<section  class='av_textblock_section av-mgqz0710-838de421670ab3690bd1c0c6e565ff2b '   itemscope=\"itemscope\" itemtype=\"https:\/\/schema.org\/CreativeWork\" ><div class='avia_textblock'  itemprop=\"text\" ><div class=\"wpforms-entry-field-item field entry-field-item wpforms-field-text wpforms-field-entry-text wpforms-field-entry-fields\">\n<div class=\"wpforms-entry-field-value\"><strong>Tepalehui<\/strong><\/div>\n<div class=\"wpforms-entry-field-value\">Calle Tepozteco 35<\/div>\n<div class=\"wpforms-entry-field-value\">CDM, Narvarte Oriente<\/div>\n<\/div>\n<p>C.P. 03023<\/p>\n<p><img loading=\"lazy\" decoding=\"async\" class=\"alignnone size-full wp-image-55\" src=\"https:\/\/acopio.laloleveson.art\/wp-content\/uploads\/2025\/10\/Screenshot-2025-10-14-at-1.43.11-p.m.png\" alt=\"\" width=\"748\" height=\"466\" srcset=\"https:\/\/acopio.laloleveson.art\/wp-content\/uploads\/2025\/10\/Screenshot-2025-10-14-at-1.43.11-p.m.png 748w, https:\/\/acopio.laloleveson.art\/wp-content\/uploads\/2025\/10\/Screenshot-2025-10-14-at-1.43.11-p.m-300x187.png 300w, https:\/\/acopio.laloleveson.art\/wp-content\/uploads\/2025\/10\/Screenshot-2025-10-14-at-1.43.11-p.m-705x439.png 705w\" sizes=\"auto, (max-width: 748px) 100vw, 748px\" \/><\/p>\n<p><img loading=\"lazy\" decoding=\"async\" class=\"alignnone size-full wp-image-56\" src=\"https:\/\/acopio.laloleveson.art\/wp-content\/uploads\/2025\/10\/Screenshot-2025-10-14-at-1.43.49-p.m.png\" alt=\"\" width=\"859\" height=\"645\" srcset=\"https:\/\/acopio.laloleveson.art\/wp-content\/uploads\/2025\/10\/Screenshot-2025-10-14-at-1.43.49-p.m.png 859w, https:\/\/acopio.laloleveson.art\/wp-content\/uploads\/2025\/10\/Screenshot-2025-10-14-at-1.43.49-p.m-300x225.png 300w, https:\/\/acopio.laloleveson.art\/wp-content\/uploads\/2025\/10\/Screenshot-2025-10-14-at-1.43.49-p.m-768x577.png 768w, https:\/\/acopio.laloleveson.art\/wp-content\/uploads\/2025\/10\/Screenshot-2025-10-14-at-1.43.49-p.m-705x529.png 705w\" sizes=\"auto, (max-width: 859px) 100vw, 859px\" \/><\/p>\n<\/div><\/section>\n\n<\/div><\/div><\/div><!-- close content main div --><\/div><\/div><div id='av_section_4'  class='avia-section av-16jq4-963484e392977e8b662a9cb05ea76c3e main_color avia-section-default avia-no-border-styling  avia-builder-el-15  el_after_av_section  el_before_av_codeblock  avia-bg-style-scroll container_wrap sidebar_right'  ><div class='container av-section-cont-open' ><div class='template-page content  av-content-small alpha units'><div class='post-entry post-entry-type-page post-entry-16'><div class='entry-content-wrapper clearfix'>\n\n<style type=\"text\/css\" data-created_by=\"avia_inline_auto\" id=\"style-css-av-mgoioezi-31322bc16eb4e1398bc663d367562bd9\">\n.avia-image-container.av-mgoioezi-31322bc16eb4e1398bc663d367562bd9 img.avia_image{\nbox-shadow:none;\n}\n.avia-image-container.av-mgoioezi-31322bc16eb4e1398bc663d367562bd9 .av-image-caption-overlay-center{\ncolor:#ffffff;\n}\n<\/style>\n<div  class='avia-image-container av-mgoioezi-31322bc16eb4e1398bc663d367562bd9 av-styling- avia-align-center  avia-builder-el-16  el_before_av_codeblock  avia-builder-el-first '   itemprop=\"image\" itemscope=\"itemscope\" itemtype=\"https:\/\/schema.org\/ImageObject\" ><div class=\"avia-image-container-inner\"><div class=\"avia-image-overlay-wrap\"><img decoding=\"async\" fetchpriority=\"high\" class='wp-image-40 avia-img-lazy-loading-not-40 avia_image ' src=\"https:\/\/acopio.laloleveson.art\/wp-content\/uploads\/2025\/10\/CADENA-LOGO-copy1-300x163.png\" alt='' title='CADENA LOGO copy1'  height=\"163\" width=\"300\"  itemprop=\"thumbnailUrl\" srcset=\"https:\/\/acopio.laloleveson.art\/wp-content\/uploads\/2025\/10\/CADENA-LOGO-copy1-300x163.png 300w, https:\/\/acopio.laloleveson.art\/wp-content\/uploads\/2025\/10\/CADENA-LOGO-copy1-768x416.png 768w, https:\/\/acopio.laloleveson.art\/wp-content\/uploads\/2025\/10\/CADENA-LOGO-copy1-705x382.png 705w, https:\/\/acopio.laloleveson.art\/wp-content\/uploads\/2025\/10\/CADENA-LOGO-copy1.png 864w\" sizes=\"(max-width: 300px) 100vw, 300px\" \/><\/div><\/div><\/div>\n\n<\/div><\/div><\/div><!-- close content main div --><\/div><\/div><div id='after_section_4'  class='main_color av_default_container_wrap container_wrap sidebar_right'  ><div class='container av-section-cont-open' ><div class='template-page content  av-content-small alpha units'><div class='post-entry post-entry-type-page post-entry-16'><div class='entry-content-wrapper clearfix'>\n\n","protected":false},"excerpt":{"rendered":"","protected":false},"author":1,"featured_media":0,"parent":0,"menu_order":0,"comment_status":"closed","ping_status":"closed","template":"","meta":{"footnotes":""},"class_list":["post-16","page","type-page","status-publish","hentry"],"_links":{"self":[{"href":"https:\/\/acopio.laloleveson.art\/index.php\/wp-json\/wp\/v2\/pages\/16","targetHints":{"allow":["GET"]}}],"collection":[{"href":"https:\/\/acopio.laloleveson.art\/index.php\/wp-json\/wp\/v2\/pages"}],"about":[{"href":"https:\/\/acopio.laloleveson.art\/index.php\/wp-json\/wp\/v2\/types\/page"}],"author":[{"embeddable":true,"href":"https:\/\/acopio.laloleveson.art\/index.php\/wp-json\/wp\/v2\/users\/1"}],"replies":[{"embeddable":true,"href":"https:\/\/acopio.laloleveson.art\/index.php\/wp-json\/wp\/v2\/comments?post=16"}],"version-history":[{"count":24,"href":"https:\/\/acopio.laloleveson.art\/index.php\/wp-json\/wp\/v2\/pages\/16\/revisions"}],"predecessor-version":[{"id":63,"href":"https:\/\/acopio.laloleveson.art\/index.php\/wp-json\/wp\/v2\/pages\/16\/revisions\/63"}],"wp:attachment":[{"href":"https:\/\/acopio.laloleveson.art\/index.php\/wp-json\/wp\/v2\/media?parent=16"}],"curies":[{"name":"wp","href":"https:\/\/api.w.org\/{rel}","templated":true}]}}